{"id":229,"date":"2021-05-12T11:52:26","date_gmt":"2021-05-12T09:52:26","guid":{"rendered":"https:\/\/dev.jggastro.com\/mobile\/?page_id=229"},"modified":"2021-08-03T15:44:05","modified_gmt":"2021-08-03T13:44:05","slug":"live-cooking","status":"publish","type":"page","link":"https:\/\/dev.jggastro.com\/mobile\/pl\/live-cooking\/","title":{"rendered":"Live cooking"},"content":{"rendered":"<div class=\"wpb-content-wrapper\"><p>[vc_row][vc_column css=&#8221;.vc_custom_1495398815990{margin-top: -150px !important;}&#8221; col_shadow=&#8221;box_shadow_enable:disable|shadow_horizontal:0|shadow_vertical:15|shadow_blur:50|shadow_spread:0|box_shadow_color:rgba(0%2C0%2C0%2C0.35)&#8221; col_shadow_hover=&#8221;box_shadow_enable:disable|shadow_horizontal:0|shadow_vertical:15|shadow_blur:50|shadow_spread:0|box_shadow_color:rgba(0%2C0%2C0%2C0.35)&#8221;][vc_row_inner][vc_column_inner css=&#8221;.vc_custom_1495837804759{padding-right: 25px !important;padding-left: 25px !important;background-color: #f2f2f2 !important;}&#8221; col_inner_shadow=&#8221;box_shadow_enable:disable|shadow_horizontal:0|shadow_vertical:15|shadow_blur:50|shadow_spread:0|box_shadow_color:rgba(0%2C0%2C0%2C0.35)&#8221; col_inner_shadow_hover=&#8221;box_shadow_enable:disable|shadow_horizontal:0|shadow_vertical:15|shadow_blur:50|shadow_spread:0|box_shadow_color:rgba(0%2C0%2C0%2C0.35)&#8221;][dfd_spacer screen_wide_spacer_size=&#8221;40&#8243; screen_normal_resolution=&#8221;1024&#8243; screen_tablet_resolution=&#8221;800&#8243; screen_mobile_resolution=&#8221;480&#8243;][dfd_heading subtitle=&#8221;&#8221; content_alignment=&#8221;text-left&#8221; enable_delimiter=&#8221;&#8221; undefined=&#8221;&#8221; title_font_options=&#8221;tag:h3|font_size:30|line_height:37&#8243; subtitle_font_options=&#8221;tag:div&#8221;]Dlaczego warto <em class=\"dfd-textmodule-featured-decoration\">nas wybra\u0107?<br \/>\n<\/em>[\/dfd_heading][dfd_spacer screen_wide_spacer_size=&#8221;20&#8243; screen_normal_resolution=&#8221;1024&#8243; screen_tablet_resolution=&#8221;800&#8243; screen_mobile_resolution=&#8221;480&#8243;][vc_column_text]Gotowanie to sztuka, wp\u0142ywa na nasze wszystkie zmys\u0142y i potrafi dostarczy\u0107 wspania\u0142ych prze\u017cy\u0107\u2026<br \/>\nTo podczas ogl\u0105dania ca\u0142ego procesu jeste\u015bmy zaciekawieni produktem, osob\u0105 przygotowuj\u0105c\u0105 posi\u0142ek, jej prac\u0105 i efektem ko\u0144cowym\u2026<br \/>\nZmiany w sposobie planowania przestrzeni oraz przyj\u0119\u0107 sprawiaj\u0105, \u017ce niezb\u0119dne staj\u0105 si\u0119 nowe narz\u0119dzia do pracy \u2013 dlatego przygotowali\u015bmy modu\u0142y do Live Cooking.<br \/>\nS\u0105 to stacje, w kt\u00f3re mo\u017cemy wbudowa\u0107 urz\u0105dzenia grzewcze, i z pomy\u015blno\u015bci\u0105 obs\u0142u\u017cy\u0107 go\u015bci na bankiecie, w ciekawym plenerze, na targach lub w hotelu podczas \u015bniadania.<br \/>\nDwa wymiary odpowiednie do dostosowania si\u0119 do potrzeb klienta, mo\u017cliwe o rozbudow\u0119 poprzez akcesoria oraz personalizacj\u0119 kolorystyczn\u0105.[\/vc_column_text][dfd_spacer screen_wide_spacer_size=&#8221;40&#8243; screen_normal_resolution=&#8221;1024&#8243; screen_tablet_resolution=&#8221;800&#8243; screen_mobile_resolution=&#8221;480&#8243;][\/vc_column_inner][\/vc_row_inner][\/vc_column][\/vc_row][vc_row][vc_column dfd_column_responsive_enable=&#8221;dfd-column-responsive-enable&#8221; offset=&#8221;vc_col-xs-12&#8243; col_shadow=&#8221;box_shadow_enable:disable|shadow_horizontal:0|shadow_vertical:15|shadow_blur:50|shadow_spread:0|box_shadow_color:rgba(0%2C0%2C0%2C0.35)&#8221; col_shadow_hover=&#8221;box_shadow_enable:disable|shadow_horizontal:0|shadow_vertical:15|shadow_blur:50|shadow_spread:0|box_shadow_color:rgba(0%2C0%2C0%2C0.35)&#8221; responsive_styles=&#8221;padding_left_mobile:20|padding_right_mobile:20&#8243;][dfd_spacer screen_wide_spacer_size=&#8221;100&#8243; screen_normal_resolution=&#8221;1024&#8243; screen_tablet_resolution=&#8221;800&#8243; screen_mobile_resolution=&#8221;480&#8243;][dfd_heading subtitle=&#8221;&#8221; content_alignment=&#8221;text-left&#8221; enable_delimiter=&#8221;&#8221; undefined=&#8221;&#8221; title_font_options=&#8221;tag:h3|font_size:30|line_height:37&#8243; subtitle_font_options=&#8221;tag:div&#8221;]Sprawd\u017a nasz\u0105 <em class=\"dfd-textmodule-featured-decoration\">ofert\u0119<br \/>\n<\/em>[\/dfd_heading][dfd_spacer screen_wide_spacer_size=&#8221;20&#8243; screen_normal_resolution=&#8221;1024&#8243; screen_tablet_resolution=&#8221;800&#8243; screen_mobile_resolution=&#8221;480&#8243;][dfd_blog_posts posts_to_show=&#8221;100&#8243; items_offset=&#8221;20&#8243; columns=&#8221;2&#8243; thumb_rounded=&#8221;6&#8243; show_sort_panel=&#8221;&#8221; post_show_top_cat=&#8221;&#8221; post_show_meta=&#8221;&#8221; post_show_content=&#8221;&#8221; post_show_author_box=&#8221;&#8221; post_content_style=&#8221;full&#8221; post_style=&#8221;fitRows&#8221; el_class=&#8221;epps-blog-post&#8221; post_categories=&#8221;live-cooking&#8221;][dfd_spacer screen_wide_spacer_size=&#8221;70&#8243; screen_normal_resolution=&#8221;1024&#8243; screen_tablet_resolution=&#8221;800&#8243; screen_mobile_resolution=&#8221;480&#8243;][\/vc_column][\/vc_row][vc_row css=&#8221;.vc_custom_1498684023313{background-color: #f2f2f2 !important;}&#8221;][vc_column][dfd_spacer screen_wide_spacer_size=&#8221;70&#8243; screen_normal_resolution=&#8221;1024&#8243; screen_tablet_resolution=&#8221;800&#8243; screen_mobile_resolution=&#8221;480&#8243;][vc_row_inner][vc_column_inner width=&#8221;1\/2&#8243; dfd_column_responsive_enable=&#8221;dfd-column-responsive-enable&#8221; offset=&#8221;vc_col-xs-12&#8243; col_inner_shadow=&#8221;box_shadow_enable:disable|shadow_horizontal:0|shadow_vertical:15|shadow_blur:50|shadow_spread:0|box_shadow_color:rgba(0%2C0%2C0%2C0.35)&#8221; col_inner_shadow_hover=&#8221;box_shadow_enable:disable|shadow_horizontal:0|shadow_vertical:15|shadow_blur:50|shadow_spread:0|box_shadow_color:rgba(0%2C0%2C0%2C0.35)&#8221; responsive_styles=&#8221;padding_left_mobile:20|padding_right_mobile:20&#8243;][vc_column_text]<a href=\"https:\/\/dev.jggastro.com\/pdf\/katalogi\/katalog-live-cooking\/katalog-live-cooking-pl-web.pdf\" target=\"_blank\" rel=\"noopener noreferrer\"><img loading=\"lazy\" decoding=\"async\" class=\"alignnone size-medium wp-image-5269\" src=\"https:\/\/dev.jggastro.com\/pdf\/katalogi\/katalog-live-cooking\/okladka-katalog-live-cooking.jpg\" alt=\"\" width=\"389\" height=\"549\" \/><\/a>[\/vc_column_text][\/vc_column_inner][vc_column_inner width=&#8221;1\/2&#8243; dfd_column_responsive_enable=&#8221;dfd-column-responsive-enable&#8221; offset=&#8221;vc_col-xs-12&#8243; col_inner_shadow=&#8221;box_shadow_enable:disable|shadow_horizontal:0|shadow_vertical:15|shadow_blur:50|shadow_spread:0|box_shadow_color:rgba(0%2C0%2C0%2C0.35)&#8221; col_inner_shadow_hover=&#8221;box_shadow_enable:disable|shadow_horizontal:0|shadow_vertical:15|shadow_blur:50|shadow_spread:0|box_shadow_color:rgba(0%2C0%2C0%2C0.35)&#8221; responsive_styles=&#8221;padding_left_mobile:20|padding_right_mobile:20&#8243;][dfd_spacer screen_wide_spacer_size=&#8221;60&#8243; screen_normal_resolution=&#8221;1024&#8243; screen_tablet_resolution=&#8221;800&#8243; screen_mobile_resolution=&#8221;480&#8243;][dfd_heading subtitle=&#8221;&#8221; content_alignment=&#8221;text-left&#8221; enable_delimiter=&#8221;&#8221; undefined=&#8221;&#8221; title_font_options=&#8221;tag:h3&#8243; subtitle_font_options=&#8221;tag:div&#8221;]<em class=\"dfd-textmodule-featured-decoration\">Pobierz <\/em><strong>katalog<\/strong>[\/dfd_heading][dfd_spacer screen_wide_spacer_size=&#8221;20&#8243; screen_normal_resolution=&#8221;1024&#8243; screen_tablet_resolution=&#8221;800&#8243; screen_mobile_resolution=&#8221;480&#8243;][vc_column_text]Zapoznaj si\u0119 bli\u017cej z oferta i miej j\u0105 zawsze pod r\u0119ka .<\/p>\n<p>Je\u017celi b\u0119dziesz mie\u0107 dodatkowe pytania lub w\u0105tpliwo\u015bci, pami\u0119taj, \u017ce zawsze jeste\u015bmy do Twojej dyspozycji[\/vc_column_text][dfd_spacer screen_wide_spacer_size=&#8221;50&#8243; screen_normal_resolution=&#8221;1024&#8243; screen_tablet_resolution=&#8221;800&#8243; screen_mobile_resolution=&#8221;480&#8243;][dfd_info_box title=&#8221;Pobierz katalog&#8221; subtitle=&#8221;3 335 kB&#8221; main_content=&#8221;&#8221; read_more=&#8221;box&#8221; ic_dfd_icons=&#8221;dfd-socicon-download-to-storage-drive&#8221; main_style=&#8221;style-2&#8243; main_layout=&#8221;layout-2&#8243; link=&#8221;url:https%3A%2F%2Fdev.jggastro.com%2Fpdf%2Fkatalogi%2Fkatalog-live-cooking%2Fkatalog-live-cooking-pl-web.pdf|target:_blank&#8221; undefined=&#8221;&#8221; icon_size=&#8221;30&#8243; icon_bg_size=&#8221;50&#8243; border_radius=&#8221;50&#8243; title_font_options=&#8221;tag:div&#8221; subtitle_font_options=&#8221;tag:div&#8221; background_color=&#8221;#00205c&#8221;][\/vc_column_inner][\/vc_row_inner][dfd_spacer screen_wide_spacer_size=&#8221;70&#8243; screen_normal_resolution=&#8221;1024&#8243; screen_tablet_resolution=&#8221;800&#8243; screen_mobile_resolution=&#8221;480&#8243;][\/vc_column][\/vc_row][vc_row force_equal_height_columns=&#8221;main_row&#8221;][vc_column width=&#8221;1\/2&#8243; dfd_column_responsive_enable=&#8221;dfd-column-responsive-enable&#8221; css=&#8221;.vc_custom_1627998222550{padding-top: 40px !important;}&#8221; col_shadow=&#8221;box_shadow_enable:disable|shadow_horizontal:0|shadow_vertical:15|shadow_blur:50|shadow_spread:0|box_shadow_color:rgba(0%2C0%2C0%2C0.35)&#8221; col_shadow_hover=&#8221;box_shadow_enable:disable|shadow_horizontal:0|shadow_vertical:15|shadow_blur:50|shadow_spread:0|box_shadow_color:rgba(0%2C0%2C0%2C0.35)&#8221; offset=&#8221;vc_col-xs-12&#8243; responsive_styles=&#8221;padding_left_mobile:20|padding_right_mobile:20&#8243;][dfd_heading subtitle=&#8221;&#8221; content_alignment=&#8221;text-left&#8221; enable_delimiter=&#8221;&#8221; undefined=&#8221;&#8221; title_font_options=&#8221;tag:h3|font_size:30&#8243; subtitle_font_options=&#8221;tag:div&#8221;]Akcesoria <em class=\"dfd-textmodule-featured-decoration\">do modu\u0142\u00f3w<br \/>\n<\/em>[\/dfd_heading][dfd_spacer screen_wide_spacer_size=&#8221;20&#8243; screen_normal_resolution=&#8221;1024&#8243; screen_tablet_resolution=&#8221;800&#8243; screen_mobile_resolution=&#8221;480&#8243;][vc_row_inner][vc_column_inner][dfd_single_image image=&#8221;1077&#8243;][dfd_spacer screen_wide_spacer_size=&#8221;120&#8243; screen_normal_resolution=&#8221;1024&#8243; screen_tablet_resolution=&#8221;800&#8243; screen_mobile_resolution=&#8221;480&#8243;][dfd_single_image image=&#8221;1077&#8243;][\/vc_column_inner][\/vc_row_inner][\/vc_column][vc_column width=&#8221;1\/2&#8243; dfd_column_responsive_enable=&#8221;dfd-column-responsive-enable&#8221; offset=&#8221;vc_col-xs-12&#8243; col_shadow=&#8221;box_shadow_enable:disable|shadow_horizontal:0|shadow_vertical:15|shadow_blur:50|shadow_spread:0|box_shadow_color:rgba(0%2C0%2C0%2C0.35)&#8221; col_shadow_hover=&#8221;box_shadow_enable:disable|shadow_horizontal:0|shadow_vertical:15|shadow_blur:50|shadow_spread:0|box_shadow_color:rgba(0%2C0%2C0%2C0.35)&#8221; responsive_styles=&#8221;padding_left_mobile:20|padding_right_mobile:20&#8243;][dfd_spacer screen_wide_spacer_size=&#8221;60&#8243; screen_normal_resolution=&#8221;1024&#8243; screen_tablet_resolution=&#8221;800&#8243; screen_mobile_resolution=&#8221;480&#8243;][dfd_heading subtitle=&#8221;&#8221; content_alignment=&#8221;text-left&#8221; enable_delimiter=&#8221;&#8221; undefined=&#8221;&#8221; title_font_options=&#8221;tag:h3|font_size:30&#8243; subtitle_font_options=&#8221;tag:div&#8221;]Przyk\u0142adowe <em class=\"dfd-textmodule-featured-decoration\">urz\u0105dzenia do zabudowy<br \/>\n<\/em>[\/dfd_heading][dfd_spacer screen_wide_spacer_size=&#8221;20&#8243; screen_normal_resolution=&#8221;1024&#8243; screen_tablet_resolution=&#8221;800&#8243; screen_mobile_resolution=&#8221;480&#8243;][vc_row_inner][vc_column_inner width=&#8221;1\/4&#8243;][dfd_single_image image=&#8221;1064&#8243;][vc_column_text]<\/p>\n<p style=\"text-align: center;\">Kuchnie gazowe<\/p>\n<p>[\/vc_column_text][dfd_single_image image=&#8221;1068&#8243;][vc_column_text]<\/p>\n<p style=\"text-align: center;\">Patelnie<\/p>\n<p>[\/vc_column_text][dfd_single_image image=&#8221;1072&#8243;][vc_column_text]<\/p>\n<p style=\"text-align: center;\">Warnik do makaronu<\/p>\n<p>[\/vc_column_text][dfd_single_image image=&#8221;1076&#8243;][vc_column_text]<\/p>\n<p style=\"text-align: center;\">Podgrzewacze frytek<\/p>\n<p>[\/vc_column_text][\/vc_column_inner][vc_column_inner width=&#8221;1\/4&#8243;][dfd_single_image image=&#8221;1065&#8243;][vc_column_text]<\/p>\n<p style=\"text-align: center;\">P\u0142yty ceramiczne<\/p>\n<p>[\/vc_column_text][dfd_single_image image=&#8221;1069&#8243;][vc_column_text]<\/p>\n<p style=\"text-align: center;\">P\u0142yty grillowe<\/p>\n<p>[\/vc_column_text][dfd_single_image image=&#8221;1073&#8243;][vc_column_text]<\/p>\n<p style=\"text-align: center;\">Szuflady grzewcze<\/p>\n<p>[\/vc_column_text][\/vc_column_inner][vc_column_inner width=&#8221;1\/4&#8243;][dfd_single_image image=&#8221;1066&#8243;][vc_column_text]<\/p>\n<p style=\"text-align: center;\">P\u0142yty indukcyjne<\/p>\n<p>[\/vc_column_text][dfd_single_image image=&#8221;1070&#8243;][vc_column_text]<\/p>\n<p style=\"text-align: center;\">Frytownice<\/p>\n<p>[\/vc_column_text][dfd_single_image image=&#8221;1074&#8243;][vc_column_text]<\/p>\n<p style=\"text-align: center;\">Piekarniki<\/p>\n<p>[\/vc_column_text][\/vc_column_inner][vc_column_inner width=&#8221;1\/4&#8243;][dfd_single_image image=&#8221;1067&#8243;][vc_column_text]<\/p>\n<p style=\"text-align: center;\">Grille rustykalne<\/p>\n<p>[\/vc_column_text][dfd_single_image image=&#8221;1071&#8243;][vc_column_text]<\/p>\n<p style=\"text-align: center;\">Bemar wodny<\/p>\n<p>[\/vc_column_text][dfd_single_image image=&#8221;1075&#8243;][vc_column_text]<\/p>\n<p style=\"text-align: center;\">P\u0142yty grillowe teppanyaki<\/p>\n<p>[\/vc_column_text][\/vc_column_inner][\/vc_row_inner][dfd_spacer screen_wide_spacer_size=&#8221;20&#8243; screen_normal_resolution=&#8221;1024&#8243; screen_tablet_resolution=&#8221;800&#8243; screen_mobile_resolution=&#8221;480&#8243;][dfd_heading subtitle=&#8221;&#8221; content_alignment=&#8221;text-left&#8221; enable_delimiter=&#8221;&#8221; undefined=&#8221;&#8221; title_font_options=&#8221;tag:h3|font_size:30&#8243; subtitle_font_options=&#8221;tag:div&#8221;]Przyk\u0142adowe <em class=\"dfd-textmodule-featured-decoration\">wyko\u0144czenia modu\u0142\u00f3w<br \/>\n<\/em>[\/dfd_heading][dfd_spacer screen_wide_spacer_size=&#8221;40&#8243; screen_normal_resolution=&#8221;1024&#8243; screen_tablet_resolution=&#8221;800&#8243; screen_mobile_resolution=&#8221;480&#8243;][vc_row_inner][vc_column_inner width=&#8221;1\/3&#8243;][dfd_single_image image=&#8221;1083&#8243;][vc_column_text]<\/p>\n<p style=\"text-align: center;\">Stal nierdzewna<\/p>\n<p>[\/vc_column_text][dfd_single_image image=&#8221;1079&#8243;][vc_column_text]<\/p>\n<p style=\"text-align: center;\">RAL 5010<\/p>\n<p>[\/vc_column_text][\/vc_column_inner][vc_column_inner width=&#8221;1\/3&#8243;][dfd_single_image image=&#8221;1081&#8243;][vc_column_text]<\/p>\n<p style=\"text-align: center;\">RAL 9010<\/p>\n<p>[\/vc_column_text][dfd_single_image image=&#8221;1078&#8243;][vc_column_text]<\/p>\n<p style=\"text-align: center;\">RAL 3000<\/p>\n<p>[\/vc_column_text][\/vc_column_inner][vc_column_inner width=&#8221;1\/3&#8243;][dfd_single_image image=&#8221;1082&#8243;][vc_column_text]<\/p>\n<p style=\"text-align: center;\">RAL 9011<\/p>\n<p>[\/vc_column_text][dfd_single_image image=&#8221;1080&#8243;][vc_column_text]<\/p>\n<p style=\"text-align: center;\">RAL 6020<\/p>\n<p>[\/vc_column_text][\/vc_column_inner][\/vc_row_inner][vc_column_text]*dost\u0119pne wszystkie kolory z palety RAL[\/vc_column_text][\/vc_column][\/vc_row][vc_row][vc_column][dfd_spacer screen_wide_spacer_size=&#8221;80&#8243; screen_normal_resolution=&#8221;1024&#8243; screen_tablet_resolution=&#8221;800&#8243; screen_mobile_resolution=&#8221;480&#8243;][\/vc_column][\/vc_row]<\/p>\n<\/div>","protected":false},"excerpt":{"rendered":"<p>[vc_row][vc_column css=&#8221;.vc_custom_1495398815990{margin-top: -150px !important;}&#8221; col_shadow=&#8221;box_shadow_enable:disable|shadow_horizontal:0|shadow_vertical:15|shadow_blur:50|shadow_spread:0|box_shadow_color:rgba(0%2C0%2C0%2C0.35)&#8221; col_shadow_hover=&#8221;box_shadow_enable:disable|shadow_horizontal:0|shadow_vertical:15|shadow_blur:50|shadow_spread:0|box_shadow_color:rgba(0%2C0%2C0%2C0.35)&#8221;][vc_row_inner][vc_column_inner css=&#8221;.vc_custom_1495837804759{padding-right: 25px !important;padding-left: 25px !important;background-color: #f2f2f2 !important;}&#8221; col_inner_shadow=&#8221;box_shadow_enable:disable|shadow_horizontal:0|shadow_vertical:15|shadow_blur:50|shadow_spread:0|box_shadow_color:rgba(0%2C0%2C0%2C0.35)&#8221; col_inner_shadow_hover=&#8221;box_shadow_enable:disable|shadow_horizontal:0|shadow_vertical:15|shadow_blur:50|shadow_spread:0|box_shadow_color:rgba(0%2C0%2C0%2C0.35)&#8221;][dfd_spacer screen_wide_spacer_size=&#8221;40&#8243; screen_normal_resolution=&#8221;1024&#8243; screen_tablet_resolution=&#8221;800&#8243; screen_mobile_resolution=&#8221;480&#8243;][dfd_heading subtitle=&#8221;&#8221; content_alignment=&#8221;text-left&#8221; enable_delimiter=&#8221;&#8221; undefined=&#8221;&#8221; title_font_options=&#8221;tag:h3|font_size:30|line_height:37&#8243; subtitle_font_options=&#8221;tag:div&#8221;]Dlaczego warto nas wybra\u0107? [\/dfd_heading][dfd_spacer screen_wide_spacer_size=&#8221;20&#8243;<\/p>\n","protected":false},"author":1,"featured_media":1063,"parent":0,"menu_order":0,"comment_status":"closed","ping_status":"closed","template":"tmp-page.php","meta":{"footnotes":""},"yoast_head":"<!-- This site is optimized with the Yoast SEO plugin v22.2 - https:\/\/yoast.com\/wordpress\/plugins\/seo\/ -->\n<title>Live cooking - JG Gastro | To inspire innovation and creativity<\/title>\n<meta name=\"robots\" content=\"index, follow, max-snippet:-1, max-image-preview:large, max-video-preview:-1\" \/>\n<link rel=\"canonical\" href=\"https:\/\/dev.jggastro.com\/mobile\/pl\/live-cooking\/\" \/>\n<meta property=\"og:locale\" content=\"pl_PL\" \/>\n<meta property=\"og:type\" content=\"article\" \/>\n<meta property=\"og:title\" content=\"Live cooking - JG Gastro | To inspire innovation and creativity\" \/>\n<meta property=\"og:description\" content=\"[vc_row][vc_column css=&#8221;.vc_custom_1495398815990{margin-top: -150px !important;}&#8221; col_shadow=&#8221;box_shadow_enable:disable|shadow_horizontal:0|shadow_vertical:15|shadow_blur:50|shadow_spread:0|box_shadow_color:rgba(0%2C0%2C0%2C0.35)&#8221; col_shadow_hover=&#8221;box_shadow_enable:disable|shadow_horizontal:0|shadow_vertical:15|shadow_blur:50|shadow_spread:0|box_shadow_color:rgba(0%2C0%2C0%2C0.35)&#8221;][vc_row_inner][vc_column_inner css=&#8221;.vc_custom_1495837804759{padding-right: 25px !important;padding-left: 25px !important;background-color: #f2f2f2 !important;}&#8221; col_inner_shadow=&#8221;box_shadow_enable:disable|shadow_horizontal:0|shadow_vertical:15|shadow_blur:50|shadow_spread:0|box_shadow_color:rgba(0%2C0%2C0%2C0.35)&#8221; col_inner_shadow_hover=&#8221;box_shadow_enable:disable|shadow_horizontal:0|shadow_vertical:15|shadow_blur:50|shadow_spread:0|box_shadow_color:rgba(0%2C0%2C0%2C0.35)&#8221;][dfd_spacer screen_wide_spacer_size=&#8221;40&#8243; screen_normal_resolution=&#8221;1024&#8243; screen_tablet_resolution=&#8221;800&#8243; screen_mobile_resolution=&#8221;480&#8243;][dfd_heading subtitle=&#8221;&#8221; content_alignment=&#8221;text-left&#8221; enable_delimiter=&#8221;&#8221; undefined=&#8221;&#8221; title_font_options=&#8221;tag:h3|font_size:30|line_height:37&#8243; subtitle_font_options=&#8221;tag:div&#8221;]Dlaczego warto nas wybra\u0107? [\/dfd_heading][dfd_spacer screen_wide_spacer_size=&#8221;20&#8243;\" \/>\n<meta property=\"og:url\" content=\"https:\/\/dev.jggastro.com\/mobile\/pl\/live-cooking\/\" \/>\n<meta property=\"og:site_name\" content=\"JG Gastro | To inspire innovation and creativity\" \/>\n<meta property=\"article:modified_time\" content=\"2021-08-03T13:44:05+00:00\" \/>\n<meta name=\"twitter:card\" content=\"summary_large_image\" \/>\n<meta name=\"twitter:image\" content=\"https:\/\/dev.jggastro.com\/mobile\/wp-content\/uploads\/2021\/05\/baner-live-cooking.jpg\" \/>\n<meta name=\"twitter:label1\" content=\"Szacowany czas czytania\" \/>\n\t<meta name=\"twitter:data1\" content=\"3 minutes\" \/>\n<script type=\"application\/ld+json\" class=\"yoast-schema-graph\">{\"@context\":\"https:\/\/schema.org\",\"@graph\":[{\"@type\":\"WebPage\",\"@id\":\"https:\/\/dev.jggastro.com\/mobile\/pl\/live-cooking\/\",\"url\":\"https:\/\/dev.jggastro.com\/mobile\/pl\/live-cooking\/\",\"name\":\"Live cooking - JG Gastro | To inspire innovation and creativity\",\"isPartOf\":{\"@id\":\"https:\/\/dev.jggastro.com\/mobile\/#website\"},\"primaryImageOfPage\":{\"@id\":\"https:\/\/dev.jggastro.com\/mobile\/pl\/live-cooking\/#primaryimage\"},\"image\":{\"@id\":\"https:\/\/dev.jggastro.com\/mobile\/pl\/live-cooking\/#primaryimage\"},\"thumbnailUrl\":\"https:\/\/dev.jggastro.com\/mobile\/wp-content\/uploads\/2021\/05\/baner-live-cooking.jpg\",\"datePublished\":\"2021-05-12T09:52:26+00:00\",\"dateModified\":\"2021-08-03T13:44:05+00:00\",\"inLanguage\":\"pl-PL\",\"potentialAction\":[{\"@type\":\"ReadAction\",\"target\":[\"https:\/\/dev.jggastro.com\/mobile\/pl\/live-cooking\/\"]}]},{\"@type\":\"ImageObject\",\"inLanguage\":\"pl-PL\",\"@id\":\"https:\/\/dev.jggastro.com\/mobile\/pl\/live-cooking\/#primaryimage\",\"url\":\"https:\/\/dev.jggastro.com\/mobile\/wp-content\/uploads\/2021\/05\/baner-live-cooking.jpg\",\"contentUrl\":\"https:\/\/dev.jggastro.com\/mobile\/wp-content\/uploads\/2021\/05\/baner-live-cooking.jpg\"},{\"@type\":\"WebSite\",\"@id\":\"https:\/\/dev.jggastro.com\/mobile\/#website\",\"url\":\"https:\/\/dev.jggastro.com\/mobile\/\",\"name\":\"JG Gastro | To inspire innovation and creativity\",\"description\":\"\",\"potentialAction\":[{\"@type\":\"SearchAction\",\"target\":{\"@type\":\"EntryPoint\",\"urlTemplate\":\"https:\/\/dev.jggastro.com\/mobile\/?s={search_term_string}\"},\"query-input\":\"required name=search_term_string\"}],\"inLanguage\":\"pl-PL\"}]}<\/script>\n<!-- \/ Yoast SEO plugin. -->","yoast_head_json":{"title":"Live cooking - JG Gastro | To inspire innovation and creativity","robots":{"index":"index","follow":"follow","max-snippet":"max-snippet:-1","max-image-preview":"max-image-preview:large","max-video-preview":"max-video-preview:-1"},"canonical":"https:\/\/dev.jggastro.com\/mobile\/pl\/live-cooking\/","og_locale":"pl_PL","og_type":"article","og_title":"Live cooking - JG Gastro | To inspire innovation and creativity","og_description":"[vc_row][vc_column css=&#8221;.vc_custom_1495398815990{margin-top: -150px !important;}&#8221; col_shadow=&#8221;box_shadow_enable:disable|shadow_horizontal:0|shadow_vertical:15|shadow_blur:50|shadow_spread:0|box_shadow_color:rgba(0%2C0%2C0%2C0.35)&#8221; col_shadow_hover=&#8221;box_shadow_enable:disable|shadow_horizontal:0|shadow_vertical:15|shadow_blur:50|shadow_spread:0|box_shadow_color:rgba(0%2C0%2C0%2C0.35)&#8221;][vc_row_inner][vc_column_inner css=&#8221;.vc_custom_1495837804759{padding-right: 25px !important;padding-left: 25px !important;background-color: #f2f2f2 !important;}&#8221; col_inner_shadow=&#8221;box_shadow_enable:disable|shadow_horizontal:0|shadow_vertical:15|shadow_blur:50|shadow_spread:0|box_shadow_color:rgba(0%2C0%2C0%2C0.35)&#8221; col_inner_shadow_hover=&#8221;box_shadow_enable:disable|shadow_horizontal:0|shadow_vertical:15|shadow_blur:50|shadow_spread:0|box_shadow_color:rgba(0%2C0%2C0%2C0.35)&#8221;][dfd_spacer screen_wide_spacer_size=&#8221;40&#8243; screen_normal_resolution=&#8221;1024&#8243; screen_tablet_resolution=&#8221;800&#8243; screen_mobile_resolution=&#8221;480&#8243;][dfd_heading subtitle=&#8221;&#8221; content_alignment=&#8221;text-left&#8221; enable_delimiter=&#8221;&#8221; undefined=&#8221;&#8221; title_font_options=&#8221;tag:h3|font_size:30|line_height:37&#8243; subtitle_font_options=&#8221;tag:div&#8221;]Dlaczego warto nas wybra\u0107? [\/dfd_heading][dfd_spacer screen_wide_spacer_size=&#8221;20&#8243;","og_url":"https:\/\/dev.jggastro.com\/mobile\/pl\/live-cooking\/","og_site_name":"JG Gastro | To inspire innovation and creativity","article_modified_time":"2021-08-03T13:44:05+00:00","twitter_card":"summary_large_image","twitter_image":"https:\/\/dev.jggastro.com\/mobile\/wp-content\/uploads\/2021\/05\/baner-live-cooking.jpg","twitter_misc":{"Szacowany czas czytania":"3 minutes"},"schema":{"@context":"https:\/\/schema.org","@graph":[{"@type":"WebPage","@id":"https:\/\/dev.jggastro.com\/mobile\/pl\/live-cooking\/","url":"https:\/\/dev.jggastro.com\/mobile\/pl\/live-cooking\/","name":"Live cooking - JG Gastro | To inspire innovation and creativity","isPartOf":{"@id":"https:\/\/dev.jggastro.com\/mobile\/#website"},"primaryImageOfPage":{"@id":"https:\/\/dev.jggastro.com\/mobile\/pl\/live-cooking\/#primaryimage"},"image":{"@id":"https:\/\/dev.jggastro.com\/mobile\/pl\/live-cooking\/#primaryimage"},"thumbnailUrl":"https:\/\/dev.jggastro.com\/mobile\/wp-content\/uploads\/2021\/05\/baner-live-cooking.jpg","datePublished":"2021-05-12T09:52:26+00:00","dateModified":"2021-08-03T13:44:05+00:00","inLanguage":"pl-PL","potentialAction":[{"@type":"ReadAction","target":["https:\/\/dev.jggastro.com\/mobile\/pl\/live-cooking\/"]}]},{"@type":"ImageObject","inLanguage":"pl-PL","@id":"https:\/\/dev.jggastro.com\/mobile\/pl\/live-cooking\/#primaryimage","url":"https:\/\/dev.jggastro.com\/mobile\/wp-content\/uploads\/2021\/05\/baner-live-cooking.jpg","contentUrl":"https:\/\/dev.jggastro.com\/mobile\/wp-content\/uploads\/2021\/05\/baner-live-cooking.jpg"},{"@type":"WebSite","@id":"https:\/\/dev.jggastro.com\/mobile\/#website","url":"https:\/\/dev.jggastro.com\/mobile\/","name":"JG Gastro | To inspire innovation and creativity","description":"","potentialAction":[{"@type":"SearchAction","target":{"@type":"EntryPoint","urlTemplate":"https:\/\/dev.jggastro.com\/mobile\/?s={search_term_string}"},"query-input":"required name=search_term_string"}],"inLanguage":"pl-PL"}]}},"_links":{"self":[{"href":"https:\/\/dev.jggastro.com\/mobile\/wp-json\/wp\/v2\/pages\/229"}],"collection":[{"href":"https:\/\/dev.jggastro.com\/mobile\/wp-json\/wp\/v2\/pages"}],"about":[{"href":"https:\/\/dev.jggastro.com\/mobile\/wp-json\/wp\/v2\/types\/page"}],"author":[{"embeddable":true,"href":"https:\/\/dev.jggastro.com\/mobile\/wp-json\/wp\/v2\/users\/1"}],"replies":[{"embeddable":true,"href":"https:\/\/dev.jggastro.com\/mobile\/wp-json\/wp\/v2\/comments?post=229"}],"version-history":[{"count":0,"href":"https:\/\/dev.jggastro.com\/mobile\/wp-json\/wp\/v2\/pages\/229\/revisions"}],"wp:featuredmedia":[{"embeddable":true,"href":"https:\/\/dev.jggastro.com\/mobile\/wp-json\/"}],"wp:attachment":[{"href":"https:\/\/dev.jggastro.com\/mobile\/wp-json\/wp\/v2\/media?parent=229"}],"curies":[{"name":"wp","href":"https:\/\/api.w.org\/{rel}","templated":true}]}}