{"id":200,"date":"2021-05-11T13:36:24","date_gmt":"2021-05-11T11:36:24","guid":{"rendered":"https:\/\/dev.jggastro.com\/mobile\/?page_id=200"},"modified":"2022-03-14T13:35:31","modified_gmt":"2022-03-14T12:35:31","slug":"moduly-hot-dog","status":"publish","type":"page","link":"https:\/\/dev.jggastro.com\/mobile\/pl\/moduly-hot-dog\/","title":{"rendered":"Modu\u0142y Hot Dog"},"content":{"rendered":"<div class=\"wpb-content-wrapper\"><p>[vc_row][vc_column css=&#8221;.vc_custom_1495398815990{margin-top: -150px !important;}&#8221; col_shadow=&#8221;box_shadow_enable:disable|shadow_horizontal:0|shadow_vertical:15|shadow_blur:50|shadow_spread:0|box_shadow_color:rgba(0%2C0%2C0%2C0.35)&#8221; col_shadow_hover=&#8221;box_shadow_enable:disable|shadow_horizontal:0|shadow_vertical:15|shadow_blur:50|shadow_spread:0|box_shadow_color:rgba(0%2C0%2C0%2C0.35)&#8221;][vc_row_inner][vc_column_inner css=&#8221;.vc_custom_1495837804759{padding-right: 25px !important;padding-left: 25px !important;background-color: #f2f2f2 !important;}&#8221; col_inner_shadow=&#8221;box_shadow_enable:disable|shadow_horizontal:0|shadow_vertical:15|shadow_blur:50|shadow_spread:0|box_shadow_color:rgba(0%2C0%2C0%2C0.35)&#8221; col_inner_shadow_hover=&#8221;box_shadow_enable:disable|shadow_horizontal:0|shadow_vertical:15|shadow_blur:50|shadow_spread:0|box_shadow_color:rgba(0%2C0%2C0%2C0.35)&#8221;][dfd_spacer screen_wide_spacer_size=&#8221;40&#8243; screen_normal_resolution=&#8221;1024&#8243; screen_tablet_resolution=&#8221;800&#8243; screen_mobile_resolution=&#8221;480&#8243;][dfd_heading subtitle=&#8221;&#8221; content_alignment=&#8221;text-left&#8221; enable_delimiter=&#8221;&#8221; undefined=&#8221;&#8221; title_font_options=&#8221;tag:h3|font_size:30|line_height:37&#8243; subtitle_font_options=&#8221;tag:div&#8221;]Dlaczego warto <em class=\"dfd-textmodule-featured-decoration\">nas wybra\u0107?<br \/>\n<\/em>[\/dfd_heading][dfd_spacer screen_wide_spacer_size=&#8221;20&#8243; screen_normal_resolution=&#8221;1024&#8243; screen_tablet_resolution=&#8221;800&#8243; screen_mobile_resolution=&#8221;480&#8243;][vc_column_text]Hot dogi, burgery czy zapiekanki na sta\u0142e wpisa\u0142y si\u0119 w ofert\u0119 stacji benzynowych, sklep\u00f3w spo\u017cywczych czy te\u017c obiekt\u00f3w sportowych.<br \/>\nRelatywnie niski koszt stoiska sprzeda\u017cowego oraz brak skomplikowanych procedur w przygotowaniu tych przek\u0105sek sprawiaj\u0105, \u017ce coraz wi\u0119cej przedsi\u0119biorc\u00f3w decyduje si\u0119 na dodanie ich do swojej oferty.<br \/>\nWygenerowanie niewielkiej przestrzeni w sklepie, stacji, obiekcie sportowym lub kulturalnym z pewno\u015bci\u0105 przyci\u0105gnie nowych klient\u00f3w oraz wygeneruje zyski.<br \/>\nNasza firma jest liderem w bran\u017cy mobilnej sprzeda\u017cy oraz przygotowywaniu koncept\u00f3w gastronomicznych. Bogata oferta, nienaganne wykonanie, jako\u015b\u0107 oraz wieloletnie do\u015bwiadczenie sprawiaj\u0105, \u017ce nasze produkty mo\u017cna spotka\u0107 w najwi\u0119kszych sieciach handlowych oraz bran\u017cy benzynowej.<br \/>\nNiniejszy katalog prezentuje standardow\u0105 ofert\u0119. Jeste\u015bmy w stanie zaprojektowa\u0107 i wykona\u0107 stoiska dopasowane do indywidualnych potrzeb naszych klient\u00f3w.[\/vc_column_text][dfd_spacer screen_wide_spacer_size=&#8221;40&#8243; screen_normal_resolution=&#8221;1024&#8243; screen_tablet_resolution=&#8221;800&#8243; screen_mobile_resolution=&#8221;480&#8243;][\/vc_column_inner][\/vc_row_inner][\/vc_column][\/vc_row][vc_row][vc_column dfd_column_responsive_enable=&#8221;dfd-column-responsive-enable&#8221; offset=&#8221;vc_col-xs-12&#8243; col_shadow=&#8221;box_shadow_enable:disable|shadow_horizontal:0|shadow_vertical:15|shadow_blur:50|shadow_spread:0|box_shadow_color:rgba(0%2C0%2C0%2C0.35)&#8221; col_shadow_hover=&#8221;box_shadow_enable:disable|shadow_horizontal:0|shadow_vertical:15|shadow_blur:50|shadow_spread:0|box_shadow_color:rgba(0%2C0%2C0%2C0.35)&#8221; responsive_styles=&#8221;padding_left_mobile:20|padding_right_mobile:20&#8243;][dfd_spacer screen_wide_spacer_size=&#8221;100&#8243; screen_normal_resolution=&#8221;1024&#8243; screen_tablet_resolution=&#8221;800&#8243; screen_mobile_resolution=&#8221;480&#8243;][dfd_heading subtitle=&#8221;&#8221; content_alignment=&#8221;text-left&#8221; enable_delimiter=&#8221;&#8221; undefined=&#8221;&#8221; title_font_options=&#8221;tag:h3|font_size:30|line_height:37&#8243; subtitle_font_options=&#8221;tag:div&#8221;]Sprawd\u017a nasz\u0105 <em class=\"dfd-textmodule-featured-decoration\">ofert\u0119<br \/>\n<\/em>[\/dfd_heading][dfd_spacer screen_wide_spacer_size=&#8221;20&#8243; screen_normal_resolution=&#8221;1024&#8243; screen_tablet_resolution=&#8221;800&#8243; screen_mobile_resolution=&#8221;480&#8243;][dfd_blog_posts posts_to_show=&#8221;100&#8243; items_offset=&#8221;20&#8243; columns=&#8221;5&#8243; thumb_rounded=&#8221;6&#8243; show_sort_panel=&#8221;&#8221; post_show_top_cat=&#8221;&#8221; post_show_meta=&#8221;&#8221; post_show_content=&#8221;&#8221; post_show_author_box=&#8221;&#8221; post_content_style=&#8221;full&#8221; post_style=&#8221;fitRows&#8221; post_categories=&#8221;moduly-sprzedazowe&#8221; el_class=&#8221;epps-blog-post&#8221;][dfd_spacer screen_wide_spacer_size=&#8221;70&#8243; screen_normal_resolution=&#8221;1024&#8243; screen_tablet_resolution=&#8221;800&#8243; screen_mobile_resolution=&#8221;480&#8243;][\/vc_column][\/vc_row][vc_row css=&#8221;.vc_custom_1498683879956{background-color: #f2f2f2 !important;}&#8221;][vc_column][dfd_spacer screen_wide_spacer_size=&#8221;70&#8243; screen_normal_resolution=&#8221;1024&#8243; screen_tablet_resolution=&#8221;800&#8243; screen_mobile_resolution=&#8221;480&#8243;][vc_row_inner][vc_column_inner width=&#8221;1\/2&#8243; dfd_column_responsive_enable=&#8221;dfd-column-responsive-enable&#8221; offset=&#8221;vc_col-xs-12&#8243; col_inner_shadow=&#8221;box_shadow_enable:disable|shadow_horizontal:0|shadow_vertical:15|shadow_blur:50|shadow_spread:0|box_shadow_color:rgba(0%2C0%2C0%2C0.35)&#8221; col_inner_shadow_hover=&#8221;box_shadow_enable:disable|shadow_horizontal:0|shadow_vertical:15|shadow_blur:50|shadow_spread:0|box_shadow_color:rgba(0%2C0%2C0%2C0.35)&#8221; responsive_styles=&#8221;padding_left_mobile:20|padding_right_mobile:20&#8243;][vc_column_text]<a href=\"https:\/\/dev.jggastro.com\/pdf\/katalogi\/katalog-moduly-sprzedazowe\/katalog-moduly-sprzedazowe-pl-web.pdf\" target=\"_blank\" rel=\"noopener noreferrer\"><img loading=\"lazy\" decoding=\"async\" class=\"alignnone wp-image-3547\" src=\"https:\/\/dev.jggastro.com\/pdf\/katalogi\/katalog-moduly-sprzedazowe\/okladka-katalog-moduly-sprzedazowe.jpg\" alt=\"\" width=\"389\" height=\"550\" \/><\/a>[\/vc_column_text][\/vc_column_inner][vc_column_inner width=&#8221;1\/2&#8243; dfd_column_responsive_enable=&#8221;dfd-column-responsive-enable&#8221; offset=&#8221;vc_col-xs-12&#8243; col_inner_shadow=&#8221;box_shadow_enable:disable|shadow_horizontal:0|shadow_vertical:15|shadow_blur:50|shadow_spread:0|box_shadow_color:rgba(0%2C0%2C0%2C0.35)&#8221; col_inner_shadow_hover=&#8221;box_shadow_enable:disable|shadow_horizontal:0|shadow_vertical:15|shadow_blur:50|shadow_spread:0|box_shadow_color:rgba(0%2C0%2C0%2C0.35)&#8221; responsive_styles=&#8221;padding_left_mobile:20|padding_right_mobile:20&#8243;][dfd_spacer screen_wide_spacer_size=&#8221;120&#8243; screen_normal_resolution=&#8221;1024&#8243; screen_tablet_resolution=&#8221;800&#8243; screen_mobile_resolution=&#8221;480&#8243;][dfd_heading subtitle=&#8221;&#8221; content_alignment=&#8221;text-left&#8221; enable_delimiter=&#8221;&#8221; undefined=&#8221;&#8221; title_font_options=&#8221;tag:h3&#8243; subtitle_font_options=&#8221;tag:div&#8221;]<em class=\"dfd-textmodule-featured-decoration\">Pobierz <\/em><strong>katalog<\/strong>[\/dfd_heading][dfd_spacer screen_wide_spacer_size=&#8221;20&#8243; screen_normal_resolution=&#8221;1024&#8243; screen_tablet_resolution=&#8221;800&#8243; screen_mobile_resolution=&#8221;480&#8243;][vc_column_text]Zapoznaj si\u0119 bli\u017cej z ofert\u0105 i miej j\u0105 zawsze pod r\u0119k\u0105.<\/p>\n<p>Je\u017celi b\u0119dziesz mie\u0107 dodatkowe pytania lub w\u0105tpliwo\u015bci, pami\u0119taj, \u017ce zawsze jeste\u015bmy do Twojej dyspozycji.[\/vc_column_text][dfd_spacer screen_wide_spacer_size=&#8221;50&#8243; screen_normal_resolution=&#8221;1024&#8243; screen_tablet_resolution=&#8221;800&#8243; screen_mobile_resolution=&#8221;480&#8243;][dfd_info_box title=&#8221;Pobierz katalog&#8221; subtitle=&#8221;2 740 kB&#8221; main_content=&#8221;&#8221; read_more=&#8221;box&#8221; ic_dfd_icons=&#8221;dfd-socicon-download-to-storage-drive&#8221; main_style=&#8221;style-2&#8243; main_layout=&#8221;layout-2&#8243; link=&#8221;url:https%3A%2F%2Fdev.jggastro.com%2Fpdf%2Fkatalogi%2Fkatalog-moduly-sprzedazowe%2Fkatalog-moduly-sprzedazowe-pl-web.pdf|target:_blank&#8221; undefined=&#8221;&#8221; icon_size=&#8221;30&#8243; icon_bg_size=&#8221;50&#8243; border_radius=&#8221;50&#8243; title_font_options=&#8221;tag:div&#8221; subtitle_font_options=&#8221;tag:div&#8221; background_color=&#8221;#00205c&#8221;][\/vc_column_inner][\/vc_row_inner][dfd_spacer screen_wide_spacer_size=&#8221;70&#8243; screen_normal_resolution=&#8221;1024&#8243; screen_tablet_resolution=&#8221;800&#8243; screen_mobile_resolution=&#8221;480&#8243;][\/vc_column][\/vc_row]<\/p>\n<\/div>","protected":false},"excerpt":{"rendered":"<p>[vc_row][vc_column css=&#8221;.vc_custom_1495398815990{margin-top: -150px !important;}&#8221; col_shadow=&#8221;box_shadow_enable:disable|shadow_horizontal:0|shadow_vertical:15|shadow_blur:50|shadow_spread:0|box_shadow_color:rgba(0%2C0%2C0%2C0.35)&#8221; col_shadow_hover=&#8221;box_shadow_enable:disable|shadow_horizontal:0|shadow_vertical:15|shadow_blur:50|shadow_spread:0|box_shadow_color:rgba(0%2C0%2C0%2C0.35)&#8221;][vc_row_inner][vc_column_inner css=&#8221;.vc_custom_1495837804759{padding-right: 25px !important;padding-left: 25px !important;background-color: #f2f2f2 !important;}&#8221; col_inner_shadow=&#8221;box_shadow_enable:disable|shadow_horizontal:0|shadow_vertical:15|shadow_blur:50|shadow_spread:0|box_shadow_color:rgba(0%2C0%2C0%2C0.35)&#8221; col_inner_shadow_hover=&#8221;box_shadow_enable:disable|shadow_horizontal:0|shadow_vertical:15|shadow_blur:50|shadow_spread:0|box_shadow_color:rgba(0%2C0%2C0%2C0.35)&#8221;][dfd_spacer screen_wide_spacer_size=&#8221;40&#8243; screen_normal_resolution=&#8221;1024&#8243; screen_tablet_resolution=&#8221;800&#8243; screen_mobile_resolution=&#8221;480&#8243;][dfd_heading subtitle=&#8221;&#8221; content_alignment=&#8221;text-left&#8221; enable_delimiter=&#8221;&#8221; undefined=&#8221;&#8221; title_font_options=&#8221;tag:h3|font_size:30|line_height:37&#8243; subtitle_font_options=&#8221;tag:div&#8221;]Dlaczego warto nas wybra\u0107? [\/dfd_heading][dfd_spacer screen_wide_spacer_size=&#8221;20&#8243;<\/p>\n","protected":false},"author":1,"featured_media":978,"parent":0,"menu_order":0,"comment_status":"closed","ping_status":"closed","template":"tmp-page.php","meta":{"footnotes":""},"yoast_head":"<!-- This site is optimized with the Yoast SEO plugin v22.2 - https:\/\/yoast.com\/wordpress\/plugins\/seo\/ -->\n<title>Modu\u0142y Hot Dog - JG Gastro | To inspire innovation and creativity<\/title>\n<meta name=\"robots\" content=\"index, follow, max-snippet:-1, max-image-preview:large, max-video-preview:-1\" \/>\n<link rel=\"canonical\" href=\"https:\/\/dev.jggastro.com\/mobile\/pl\/moduly-hot-dog\/\" \/>\n<meta property=\"og:locale\" content=\"pl_PL\" \/>\n<meta property=\"og:type\" content=\"article\" \/>\n<meta property=\"og:title\" content=\"Modu\u0142y Hot Dog - JG Gastro | To inspire innovation and creativity\" \/>\n<meta property=\"og:description\" content=\"[vc_row][vc_column css=&#8221;.vc_custom_1495398815990{margin-top: -150px !important;}&#8221; col_shadow=&#8221;box_shadow_enable:disable|shadow_horizontal:0|shadow_vertical:15|shadow_blur:50|shadow_spread:0|box_shadow_color:rgba(0%2C0%2C0%2C0.35)&#8221; col_shadow_hover=&#8221;box_shadow_enable:disable|shadow_horizontal:0|shadow_vertical:15|shadow_blur:50|shadow_spread:0|box_shadow_color:rgba(0%2C0%2C0%2C0.35)&#8221;][vc_row_inner][vc_column_inner css=&#8221;.vc_custom_1495837804759{padding-right: 25px !important;padding-left: 25px !important;background-color: #f2f2f2 !important;}&#8221; col_inner_shadow=&#8221;box_shadow_enable:disable|shadow_horizontal:0|shadow_vertical:15|shadow_blur:50|shadow_spread:0|box_shadow_color:rgba(0%2C0%2C0%2C0.35)&#8221; col_inner_shadow_hover=&#8221;box_shadow_enable:disable|shadow_horizontal:0|shadow_vertical:15|shadow_blur:50|shadow_spread:0|box_shadow_color:rgba(0%2C0%2C0%2C0.35)&#8221;][dfd_spacer screen_wide_spacer_size=&#8221;40&#8243; screen_normal_resolution=&#8221;1024&#8243; screen_tablet_resolution=&#8221;800&#8243; screen_mobile_resolution=&#8221;480&#8243;][dfd_heading subtitle=&#8221;&#8221; content_alignment=&#8221;text-left&#8221; enable_delimiter=&#8221;&#8221; undefined=&#8221;&#8221; title_font_options=&#8221;tag:h3|font_size:30|line_height:37&#8243; subtitle_font_options=&#8221;tag:div&#8221;]Dlaczego warto nas wybra\u0107? [\/dfd_heading][dfd_spacer screen_wide_spacer_size=&#8221;20&#8243;\" \/>\n<meta property=\"og:url\" content=\"https:\/\/dev.jggastro.com\/mobile\/pl\/moduly-hot-dog\/\" \/>\n<meta property=\"og:site_name\" content=\"JG Gastro | To inspire innovation and creativity\" \/>\n<meta property=\"article:modified_time\" content=\"2022-03-14T12:35:31+00:00\" \/>\n<meta name=\"twitter:card\" content=\"summary_large_image\" \/>\n<meta name=\"twitter:image\" content=\"https:\/\/dev.jggastro.com\/mobile\/wp-content\/uploads\/2021\/05\/moduly.jpg\" \/>\n<meta name=\"twitter:label1\" content=\"Szacowany czas czytania\" \/>\n\t<meta name=\"twitter:data1\" content=\"2 minuty\" \/>\n<script type=\"application\/ld+json\" class=\"yoast-schema-graph\">{\"@context\":\"https:\/\/schema.org\",\"@graph\":[{\"@type\":\"WebPage\",\"@id\":\"https:\/\/dev.jggastro.com\/mobile\/pl\/moduly-hot-dog\/\",\"url\":\"https:\/\/dev.jggastro.com\/mobile\/pl\/moduly-hot-dog\/\",\"name\":\"Modu\u0142y Hot Dog - JG Gastro | To inspire innovation and creativity\",\"isPartOf\":{\"@id\":\"https:\/\/dev.jggastro.com\/mobile\/#website\"},\"primaryImageOfPage\":{\"@id\":\"https:\/\/dev.jggastro.com\/mobile\/pl\/moduly-hot-dog\/#primaryimage\"},\"image\":{\"@id\":\"https:\/\/dev.jggastro.com\/mobile\/pl\/moduly-hot-dog\/#primaryimage\"},\"thumbnailUrl\":\"https:\/\/dev.jggastro.com\/mobile\/wp-content\/uploads\/2021\/05\/moduly.jpg\",\"datePublished\":\"2021-05-11T11:36:24+00:00\",\"dateModified\":\"2022-03-14T12:35:31+00:00\",\"inLanguage\":\"pl-PL\",\"potentialAction\":[{\"@type\":\"ReadAction\",\"target\":[\"https:\/\/dev.jggastro.com\/mobile\/pl\/moduly-hot-dog\/\"]}]},{\"@type\":\"ImageObject\",\"inLanguage\":\"pl-PL\",\"@id\":\"https:\/\/dev.jggastro.com\/mobile\/pl\/moduly-hot-dog\/#primaryimage\",\"url\":\"https:\/\/dev.jggastro.com\/mobile\/wp-content\/uploads\/2021\/05\/moduly.jpg\",\"contentUrl\":\"https:\/\/dev.jggastro.com\/mobile\/wp-content\/uploads\/2021\/05\/moduly.jpg\"},{\"@type\":\"WebSite\",\"@id\":\"https:\/\/dev.jggastro.com\/mobile\/#website\",\"url\":\"https:\/\/dev.jggastro.com\/mobile\/\",\"name\":\"JG Gastro | To inspire innovation and creativity\",\"description\":\"\",\"potentialAction\":[{\"@type\":\"SearchAction\",\"target\":{\"@type\":\"EntryPoint\",\"urlTemplate\":\"https:\/\/dev.jggastro.com\/mobile\/?s={search_term_string}\"},\"query-input\":\"required name=search_term_string\"}],\"inLanguage\":\"pl-PL\"}]}<\/script>\n<!-- \/ Yoast SEO plugin. -->","yoast_head_json":{"title":"Modu\u0142y Hot Dog - JG Gastro | To inspire innovation and creativity","robots":{"index":"index","follow":"follow","max-snippet":"max-snippet:-1","max-image-preview":"max-image-preview:large","max-video-preview":"max-video-preview:-1"},"canonical":"https:\/\/dev.jggastro.com\/mobile\/pl\/moduly-hot-dog\/","og_locale":"pl_PL","og_type":"article","og_title":"Modu\u0142y Hot Dog - JG Gastro | To inspire innovation and creativity","og_description":"[vc_row][vc_column css=&#8221;.vc_custom_1495398815990{margin-top: -150px !important;}&#8221; col_shadow=&#8221;box_shadow_enable:disable|shadow_horizontal:0|shadow_vertical:15|shadow_blur:50|shadow_spread:0|box_shadow_color:rgba(0%2C0%2C0%2C0.35)&#8221; col_shadow_hover=&#8221;box_shadow_enable:disable|shadow_horizontal:0|shadow_vertical:15|shadow_blur:50|shadow_spread:0|box_shadow_color:rgba(0%2C0%2C0%2C0.35)&#8221;][vc_row_inner][vc_column_inner css=&#8221;.vc_custom_1495837804759{padding-right: 25px !important;padding-left: 25px !important;background-color: #f2f2f2 !important;}&#8221; col_inner_shadow=&#8221;box_shadow_enable:disable|shadow_horizontal:0|shadow_vertical:15|shadow_blur:50|shadow_spread:0|box_shadow_color:rgba(0%2C0%2C0%2C0.35)&#8221; col_inner_shadow_hover=&#8221;box_shadow_enable:disable|shadow_horizontal:0|shadow_vertical:15|shadow_blur:50|shadow_spread:0|box_shadow_color:rgba(0%2C0%2C0%2C0.35)&#8221;][dfd_spacer screen_wide_spacer_size=&#8221;40&#8243; screen_normal_resolution=&#8221;1024&#8243; screen_tablet_resolution=&#8221;800&#8243; screen_mobile_resolution=&#8221;480&#8243;][dfd_heading subtitle=&#8221;&#8221; content_alignment=&#8221;text-left&#8221; enable_delimiter=&#8221;&#8221; undefined=&#8221;&#8221; title_font_options=&#8221;tag:h3|font_size:30|line_height:37&#8243; subtitle_font_options=&#8221;tag:div&#8221;]Dlaczego warto nas wybra\u0107? [\/dfd_heading][dfd_spacer screen_wide_spacer_size=&#8221;20&#8243;","og_url":"https:\/\/dev.jggastro.com\/mobile\/pl\/moduly-hot-dog\/","og_site_name":"JG Gastro | To inspire innovation and creativity","article_modified_time":"2022-03-14T12:35:31+00:00","twitter_card":"summary_large_image","twitter_image":"https:\/\/dev.jggastro.com\/mobile\/wp-content\/uploads\/2021\/05\/moduly.jpg","twitter_misc":{"Szacowany czas czytania":"2 minuty"},"schema":{"@context":"https:\/\/schema.org","@graph":[{"@type":"WebPage","@id":"https:\/\/dev.jggastro.com\/mobile\/pl\/moduly-hot-dog\/","url":"https:\/\/dev.jggastro.com\/mobile\/pl\/moduly-hot-dog\/","name":"Modu\u0142y Hot Dog - JG Gastro | To inspire innovation and creativity","isPartOf":{"@id":"https:\/\/dev.jggastro.com\/mobile\/#website"},"primaryImageOfPage":{"@id":"https:\/\/dev.jggastro.com\/mobile\/pl\/moduly-hot-dog\/#primaryimage"},"image":{"@id":"https:\/\/dev.jggastro.com\/mobile\/pl\/moduly-hot-dog\/#primaryimage"},"thumbnailUrl":"https:\/\/dev.jggastro.com\/mobile\/wp-content\/uploads\/2021\/05\/moduly.jpg","datePublished":"2021-05-11T11:36:24+00:00","dateModified":"2022-03-14T12:35:31+00:00","inLanguage":"pl-PL","potentialAction":[{"@type":"ReadAction","target":["https:\/\/dev.jggastro.com\/mobile\/pl\/moduly-hot-dog\/"]}]},{"@type":"ImageObject","inLanguage":"pl-PL","@id":"https:\/\/dev.jggastro.com\/mobile\/pl\/moduly-hot-dog\/#primaryimage","url":"https:\/\/dev.jggastro.com\/mobile\/wp-content\/uploads\/2021\/05\/moduly.jpg","contentUrl":"https:\/\/dev.jggastro.com\/mobile\/wp-content\/uploads\/2021\/05\/moduly.jpg"},{"@type":"WebSite","@id":"https:\/\/dev.jggastro.com\/mobile\/#website","url":"https:\/\/dev.jggastro.com\/mobile\/","name":"JG Gastro | To inspire innovation and creativity","description":"","potentialAction":[{"@type":"SearchAction","target":{"@type":"EntryPoint","urlTemplate":"https:\/\/dev.jggastro.com\/mobile\/?s={search_term_string}"},"query-input":"required name=search_term_string"}],"inLanguage":"pl-PL"}]}},"_links":{"self":[{"href":"https:\/\/dev.jggastro.com\/mobile\/wp-json\/wp\/v2\/pages\/200"}],"collection":[{"href":"https:\/\/dev.jggastro.com\/mobile\/wp-json\/wp\/v2\/pages"}],"about":[{"href":"https:\/\/dev.jggastro.com\/mobile\/wp-json\/wp\/v2\/types\/page"}],"author":[{"embeddable":true,"href":"https:\/\/dev.jggastro.com\/mobile\/wp-json\/wp\/v2\/users\/1"}],"replies":[{"embeddable":true,"href":"https:\/\/dev.jggastro.com\/mobile\/wp-json\/wp\/v2\/comments?post=200"}],"version-history":[{"count":1,"href":"https:\/\/dev.jggastro.com\/mobile\/wp-json\/wp\/v2\/pages\/200\/revisions"}],"predecessor-version":[{"id":3017,"href":"https:\/\/dev.jggastro.com\/mobile\/wp-json\/wp\/v2\/pages\/200\/revisions\/3017"}],"wp:featuredmedia":[{"embeddable":true,"href":"https:\/\/dev.jggastro.com\/mobile\/wp-json\/"}],"wp:attachment":[{"href":"https:\/\/dev.jggastro.com\/mobile\/wp-json\/wp\/v2\/media?parent=200"}],"curies":[{"name":"wp","href":"https:\/\/api.w.org\/{rel}","templated":true}]}}